{"id":7,"date":"2024-08-23T08:58:04","date_gmt":"2024-08-23T11:58:04","guid":{"rendered":"https:\/\/www.grupoacocearense.com.br\/\/?page_id=7"},"modified":"2026-04-27T10:26:42","modified_gmt":"2026-04-27T13:26:42","slug":"home","status":"publish","type":"page","link":"https:\/\/www.grupoacocearense.com.br\/en\/","title":{"rendered":"Home"},"content":{"rendered":"","protected":false},"excerpt":{"rendered":"","protected":false},"author":1,"featured_media":0,"parent":0,"menu_order":0,"comment_status":"closed","ping_status":"closed","template":"","meta":{"_acf_changed":false,"inline_featured_image":false,"footnotes":""},"class_list":["post-7","page","type-page","status-publish","hentry"],"acf":{"produtos_mais_vendidos":[{"produto":{"ID":485,"post_author":"1","post_date":"2025-02-05 10:49:08","post_date_gmt":"2025-02-05 13:49:08","post_content":"Fornecido em rolos e barras nervuradas, o Vergalh\u00e3o SI 50 atende a Constru\u00e7\u00e3o Civil com qualidade e ganho de produtividade na realiza\u00e7\u00e3o de estruturas de concreto armado.\r\n\r\nProduzido a partir da lamina\u00e7\u00e3o a quente, o Vergalh\u00e3o SI 50 segue par\u00e2metros de qualidade minuciosamente avaliados em laborat\u00f3rios internos, devidamente equipados, para garantir o atendimento aos requisitos exigidos pela Norma Brasileira NBR 7480:2024 e pelo sistema de gest\u00e3o da qualidade.","post_title":"Vergalh\u00e3o SI50","post_excerpt":"","post_status":"publish","comment_status":"closed","ping_status":"closed","post_password":"","post_name":"si50","to_ping":"","pinged":"","post_modified":"2025-11-24 15:31:42","post_modified_gmt":"2025-11-24 18:31:42","post_content_filtered":"","post_parent":0,"guid":"https:\/\/www.grupoacocearense.com.br\/\/?post_type=produtos&#038;p=485","menu_order":0,"post_type":"produtos","post_mime_type":"","comment_count":"0","filter":"raw"}},{"produto":{"ID":438,"post_author":"1","post_date":"2025-01-31 11:51:58","post_date_gmt":"2025-01-31 14:51:58","post_content":"Ideal para a cobertura de instala\u00e7\u00f5es industriais e comerciais com aspectos arredondados de v\u00e1rios tamanhos.","post_title":"Telha Ondulada","post_excerpt":"","post_status":"publish","comment_status":"closed","ping_status":"closed","post_password":"","post_name":"telha-ondulada","to_ping":"","pinged":"","post_modified":"2025-05-07 21:46:12","post_modified_gmt":"2025-05-08 00:46:12","post_content_filtered":"","post_parent":0,"guid":"https:\/\/www.grupoacocearense.com.br\/\/?post_type=produtos&#038;p=438","menu_order":0,"post_type":"produtos","post_mime_type":"","comment_count":"0","filter":"raw"}},{"produto":{"ID":450,"post_author":"1","post_date":"2025-01-31 17:20:00","post_date_gmt":"2025-01-31 20:20:00","post_content":"O tubo de a\u00e7o com se\u00e7\u00e3o redonda \u00e9 produzido a partir de bobinas de a\u00e7o de baixo teor de carbono SAE\/ABNT 1008\/1012.\r\n\r\nLaminado a quente, a frio ou galvanizado e soldado pelo processo de alta frequ\u00eancia (resist\u00eancia el\u00e9trica-ERW), possui toler\u00e2ncia de fabrica\u00e7\u00e3o baseada em normas nacionais.","post_title":"Tubo Industrial","post_excerpt":"","post_status":"publish","comment_status":"closed","ping_status":"closed","post_password":"","post_name":"tubo-industrial","to_ping":"","pinged":"","post_modified":"2025-09-17 13:55:11","post_modified_gmt":"2025-09-17 16:55:11","post_content_filtered":"","post_parent":0,"guid":"https:\/\/www.grupoacocearense.com.br\/\/?post_type=produtos&#038;p=450","menu_order":0,"post_type":"produtos","post_mime_type":"","comment_count":"0","filter":"raw"}}],"passo_a_passo":[{"imagem":"https:\/\/www.grupoacocearense.com.br\/wp-content\/uploads\/2024\/08\/260x340.jpg","numero":"1","titulo":"Informe seus dados e aguarde o nosso retorno","descricao":"Lorem ipsum dolor sit amet, consectetur adipiscing elit. Duis vel scelerisque metus. Donec nisl."},{"imagem":"https:\/\/www.grupoacocearense.com.br\/wp-content\/uploads\/2024\/08\/260x340.jpg","numero":"2","titulo":"Selecione as varia\u00e7\u00f5es e inclua no carrinho","descricao":"Lorem ipsum dolor sit amet, consectetur adipiscing elit. Duis vel scelerisque metus. Donec nisl."},{"imagem":"https:\/\/www.grupoacocearense.com.br\/wp-content\/uploads\/2024\/08\/260x340.jpg","numero":"3","titulo":"Confira os produtos que est\u00e3o na lista","descricao":"Lorem ipsum dolor sit amet, consectetur adipiscing elit. Duis vel scelerisque metus. Donec nisl."},{"imagem":"https:\/\/www.grupoacocearense.com.br\/wp-content\/uploads\/2024\/08\/260x340.jpg","numero":"4","titulo":"Informe seus dados e aguarde o nosso retorno","descricao":"Lorem ipsum dolor sit amet, consectetur adipiscing elit. Duis vel scelerisque metus. Donec nisl."}],"video_do_youtube":"<iframe title=\"Grupo A\u00e7o Cearense, institucional\" width=\"640\" height=\"360\" src=\"https:\/\/www.youtube.com\/embed\/Oyi6ST8_aJM?feature=oembed\" frameborder=\"0\" allow=\"accelerometer; autoplay; clipboard-write; encrypted-media; gyroscope; picture-in-picture; web-share\" referrerpolicy=\"strict-origin-when-cross-origin\" allowfullscreen><\/iframe>","banners":[{"banner":{"ID":22797,"id":22797,"title":"BANNER-DESCK-METALON-1920x680","filename":"BANNER-DESCK-METALON-1920x680-1.png","filesize":348439,"url":"https:\/\/www.grupoacocearense.com.br\/wp-content\/uploads\/2026\/02\/BANNER-DESCK-METALON-1920x680-1.png","link":"https:\/\/www.grupoacocearense.com.br\/en\/home\/banner-desck-metalon-1920x680\/","alt":"","author":"6","description":"","caption":"","name":"banner-desck-metalon-1920x680","status":"inherit","uploaded_to":7,"date":"2026-02-20 19:44:07","modified":"2026-02-20 19:44:07","menu_order":0,"mime_type":"image\/png","type":"image","subtype":"png","icon":"https:\/\/www.grupoacocearense.com.br\/wp-includes\/images\/media\/default.png","width":1920,"height":680,"sizes":{"thumbnail":"https:\/\/www.grupoacocearense.com.br\/wp-content\/uploads\/2026\/02\/BANNER-DESCK-METALON-1920x680-1-150x150.png","thumbnail-width":150,"thumbnail-height":150,"medium":"https:\/\/www.grupoacocearense.com.br\/wp-content\/uploads\/2026\/02\/BANNER-DESCK-METALON-1920x680-1-300x106.png","medium-width":300,"medium-height":106,"medium_large":"https:\/\/www.grupoacocearense.com.br\/wp-content\/uploads\/2026\/02\/BANNER-DESCK-METALON-1920x680-1-768x272.png","medium_large-width":768,"medium_large-height":272,"large":"https:\/\/www.grupoacocearense.com.br\/wp-content\/uploads\/2026\/02\/BANNER-DESCK-METALON-1920x680-1-1024x363.png","large-width":1024,"large-height":363,"1536x1536":"https:\/\/www.grupoacocearense.com.br\/wp-content\/uploads\/2026\/02\/BANNER-DESCK-METALON-1920x680-1-1536x544.png","1536x1536-width":1536,"1536x1536-height":544,"2048x2048":"https:\/\/www.grupoacocearense.com.br\/wp-content\/uploads\/2026\/02\/BANNER-DESCK-METALON-1920x680-1.png","2048x2048-width":1920,"2048x2048-height":680,"trp-custom-language-flag":"https:\/\/www.grupoacocearense.com.br\/wp-content\/uploads\/2026\/02\/BANNER-DESCK-METALON-1920x680-1-18x6.png","trp-custom-language-flag-width":18,"trp-custom-language-flag-height":6}},"banner_mobile":{"ID":22798,"id":22798,"title":"BANNER-MOBILE-METALON-525x975","filename":"BANNER-MOBILE-METALON-525x975-1.png","filesize":152123,"url":"https:\/\/www.grupoacocearense.com.br\/wp-content\/uploads\/2026\/02\/BANNER-MOBILE-METALON-525x975-1.png","link":"https:\/\/www.grupoacocearense.com.br\/en\/home\/banner-mobile-metalon-525x975\/","alt":"","author":"6","description":"","caption":"","name":"banner-mobile-metalon-525x975","status":"inherit","uploaded_to":7,"date":"2026-02-20 19:44:19","modified":"2026-02-20 19:44:19","menu_order":0,"mime_type":"image\/png","type":"image","subtype":"png","icon":"https:\/\/www.grupoacocearense.com.br\/wp-includes\/images\/media\/default.png","width":525,"height":975,"sizes":{"thumbnail":"https:\/\/www.grupoacocearense.com.br\/wp-content\/uploads\/2026\/02\/BANNER-MOBILE-METALON-525x975-1-150x150.png","thumbnail-width":150,"thumbnail-height":150,"medium":"https:\/\/www.grupoacocearense.com.br\/wp-content\/uploads\/2026\/02\/BANNER-MOBILE-METALON-525x975-1-162x300.png","medium-width":162,"medium-height":300,"medium_large":"https:\/\/www.grupoacocearense.com.br\/wp-content\/uploads\/2026\/02\/BANNER-MOBILE-METALON-525x975-1.png","medium_large-width":525,"medium_large-height":975,"large":"https:\/\/www.grupoacocearense.com.br\/wp-content\/uploads\/2026\/02\/BANNER-MOBILE-METALON-525x975-1.png","large-width":525,"large-height":975,"1536x1536":"https:\/\/www.grupoacocearense.com.br\/wp-content\/uploads\/2026\/02\/BANNER-MOBILE-METALON-525x975-1.png","1536x1536-width":525,"1536x1536-height":975,"2048x2048":"https:\/\/www.grupoacocearense.com.br\/wp-content\/uploads\/2026\/02\/BANNER-MOBILE-METALON-525x975-1.png","2048x2048-width":525,"2048x2048-height":975,"trp-custom-language-flag":"https:\/\/www.grupoacocearense.com.br\/wp-content\/uploads\/2026\/02\/BANNER-MOBILE-METALON-525x975-1-6x12.png","trp-custom-language-flag-width":6,"trp-custom-language-flag-height":12}},"link":"https:\/\/www.grupoacocearense.com.br\/orcamento"},{"banner":{"ID":22617,"id":22617,"title":"Get to know the results - 1920x680","filename":"Conheca-os-Resultados-1920x680-1.jpg","filesize":144438,"url":"https:\/\/www.grupoacocearense.com.br\/wp-content\/uploads\/2025\/11\/Conheca-os-Resultados-1920x680-1.jpg","link":"https:\/\/www.grupoacocearense.com.br\/en\/home\/conheca-os-resultados-1920x680\/","alt":"","author":"3","description":"","caption":"","name":"know-the-results-1920x680","status":"inherit","uploaded_to":7,"date":"2025-11-18 13:30:26","modified":"2025-11-18 13:30:26","menu_order":0,"mime_type":"image\/jpeg","type":"image","subtype":"jpeg","icon":"https:\/\/www.grupoacocearense.com.br\/wp-includes\/images\/media\/default.png","width":1920,"height":680,"sizes":{"thumbnail":"https:\/\/www.grupoacocearense.com.br\/wp-content\/uploads\/2025\/11\/Conheca-os-Resultados-1920x680-1-150x150.jpg","thumbnail-width":150,"thumbnail-height":150,"medium":"https:\/\/www.grupoacocearense.com.br\/wp-content\/uploads\/2025\/11\/Conheca-os-Resultados-1920x680-1-300x106.jpg","medium-width":300,"medium-height":106,"medium_large":"https:\/\/www.grupoacocearense.com.br\/wp-content\/uploads\/2025\/11\/Conheca-os-Resultados-1920x680-1-768x272.jpg","medium_large-width":768,"medium_large-height":272,"large":"https:\/\/www.grupoacocearense.com.br\/wp-content\/uploads\/2025\/11\/Conheca-os-Resultados-1920x680-1-1024x363.jpg","large-width":1024,"large-height":363,"1536x1536":"https:\/\/www.grupoacocearense.com.br\/wp-content\/uploads\/2025\/11\/Conheca-os-Resultados-1920x680-1-1536x544.jpg","1536x1536-width":1536,"1536x1536-height":544,"2048x2048":"https:\/\/www.grupoacocearense.com.br\/wp-content\/uploads\/2025\/11\/Conheca-os-Resultados-1920x680-1.jpg","2048x2048-width":1920,"2048x2048-height":680,"trp-custom-language-flag":"https:\/\/www.grupoacocearense.com.br\/wp-content\/uploads\/2025\/11\/Conheca-os-Resultados-1920x680-1-18x6.jpg","trp-custom-language-flag-width":18,"trp-custom-language-flag-height":6}},"banner_mobile":{"ID":22618,"id":22618,"title":"Get to know the results - 525x975","filename":"Conheca-os-Resultados-525x975-1.jpg","filesize":78823,"url":"https:\/\/www.grupoacocearense.com.br\/wp-content\/uploads\/2025\/11\/Conheca-os-Resultados-525x975-1.jpg","link":"https:\/\/www.grupoacocearense.com.br\/en\/home\/conheca-os-resultados-525x975\/","alt":"","author":"3","description":"","caption":"","name":"know-the-results-525x975","status":"inherit","uploaded_to":7,"date":"2025-11-18 13:30:32","modified":"2025-11-18 13:30:32","menu_order":0,"mime_type":"image\/jpeg","type":"image","subtype":"jpeg","icon":"https:\/\/www.grupoacocearense.com.br\/wp-includes\/images\/media\/default.png","width":525,"height":975,"sizes":{"thumbnail":"https:\/\/www.grupoacocearense.com.br\/wp-content\/uploads\/2025\/11\/Conheca-os-Resultados-525x975-1-150x150.jpg","thumbnail-width":150,"thumbnail-height":150,"medium":"https:\/\/www.grupoacocearense.com.br\/wp-content\/uploads\/2025\/11\/Conheca-os-Resultados-525x975-1-162x300.jpg","medium-width":162,"medium-height":300,"medium_large":"https:\/\/www.grupoacocearense.com.br\/wp-content\/uploads\/2025\/11\/Conheca-os-Resultados-525x975-1.jpg","medium_large-width":525,"medium_large-height":975,"large":"https:\/\/www.grupoacocearense.com.br\/wp-content\/uploads\/2025\/11\/Conheca-os-Resultados-525x975-1.jpg","large-width":525,"large-height":975,"1536x1536":"https:\/\/www.grupoacocearense.com.br\/wp-content\/uploads\/2025\/11\/Conheca-os-Resultados-525x975-1.jpg","1536x1536-width":525,"1536x1536-height":975,"2048x2048":"https:\/\/www.grupoacocearense.com.br\/wp-content\/uploads\/2025\/11\/Conheca-os-Resultados-525x975-1.jpg","2048x2048-width":525,"2048x2048-height":975,"trp-custom-language-flag":"https:\/\/www.grupoacocearense.com.br\/wp-content\/uploads\/2025\/11\/Conheca-os-Resultados-525x975-1-6x12.jpg","trp-custom-language-flag-width":6,"trp-custom-language-flag-height":12}},"link":"https:\/\/www.grupoacocearense.com.br\/sustentabilidade\/"},{"banner":{"ID":22549,"id":22549,"title":"banner_1160x320_new_ecom (1)","filename":"banner_1160x320_new_ecom-1-scaled.png","filesize":572621,"url":"https:\/\/www.grupoacocearense.com.br\/wp-content\/uploads\/2025\/09\/banner_1160x320_new_ecom-1-scaled.png","link":"https:\/\/www.grupoacocearense.com.br\/en\/home\/banner_1160x320_new_ecom-1\/","alt":"","author":"1","description":"","caption":"","name":"banner_1160x320_new_ecom-1","status":"inherit","uploaded_to":7,"date":"2025-09-12 20:54:28","modified":"2025-09-12 20:54:28","menu_order":0,"mime_type":"image\/png","type":"image","subtype":"png","icon":"https:\/\/www.grupoacocearense.com.br\/wp-includes\/images\/media\/default.png","width":2560,"height":706,"sizes":{"thumbnail":"https:\/\/www.grupoacocearense.com.br\/wp-content\/uploads\/2025\/09\/banner_1160x320_new_ecom-1-150x150.png","thumbnail-width":150,"thumbnail-height":150,"medium":"https:\/\/www.grupoacocearense.com.br\/wp-content\/uploads\/2025\/09\/banner_1160x320_new_ecom-1-300x83.png","medium-width":300,"medium-height":83,"medium_large":"https:\/\/www.grupoacocearense.com.br\/wp-content\/uploads\/2025\/09\/banner_1160x320_new_ecom-1-768x212.png","medium_large-width":768,"medium_large-height":212,"large":"https:\/\/www.grupoacocearense.com.br\/wp-content\/uploads\/2025\/09\/banner_1160x320_new_ecom-1-1024x283.png","large-width":1024,"large-height":283,"1536x1536":"https:\/\/www.grupoacocearense.com.br\/wp-content\/uploads\/2025\/09\/banner_1160x320_new_ecom-1-1536x424.png","1536x1536-width":1536,"1536x1536-height":424,"2048x2048":"https:\/\/www.grupoacocearense.com.br\/wp-content\/uploads\/2025\/09\/banner_1160x320_new_ecom-1-2048x565.png","2048x2048-width":2048,"2048x2048-height":565,"trp-custom-language-flag":"https:\/\/www.grupoacocearense.com.br\/wp-content\/uploads\/2025\/09\/banner_1160x320_new_ecom-1-18x5.png","trp-custom-language-flag-width":18,"trp-custom-language-flag-height":5}},"banner_mobile":{"ID":22543,"id":22543,"title":"banner_mobile_420_x_780_new_ecom","filename":"banner_mobile_420_x_780_new_ecom.png","filesize":407183,"url":"https:\/\/www.grupoacocearense.com.br\/wp-content\/uploads\/2025\/09\/banner_mobile_420_x_780_new_ecom.png","link":"https:\/\/www.grupoacocearense.com.br\/en\/home\/banner_mobile_420_x_780_new_ecom\/","alt":"","author":"1","description":"","caption":"","name":"banner_mobile_420_x_780_new_ecom","status":"inherit","uploaded_to":7,"date":"2025-09-12 17:09:09","modified":"2025-09-12 17:09:09","menu_order":0,"mime_type":"image\/png","type":"image","subtype":"png","icon":"https:\/\/www.grupoacocearense.com.br\/wp-includes\/images\/media\/default.png","width":525,"height":975,"sizes":{"thumbnail":"https:\/\/www.grupoacocearense.com.br\/wp-content\/uploads\/2025\/09\/banner_mobile_420_x_780_new_ecom-150x150.png","thumbnail-width":150,"thumbnail-height":150,"medium":"https:\/\/www.grupoacocearense.com.br\/wp-content\/uploads\/2025\/09\/banner_mobile_420_x_780_new_ecom-162x300.png","medium-width":162,"medium-height":300,"medium_large":"https:\/\/www.grupoacocearense.com.br\/wp-content\/uploads\/2025\/09\/banner_mobile_420_x_780_new_ecom.png","medium_large-width":525,"medium_large-height":975,"large":"https:\/\/www.grupoacocearense.com.br\/wp-content\/uploads\/2025\/09\/banner_mobile_420_x_780_new_ecom.png","large-width":525,"large-height":975,"1536x1536":"https:\/\/www.grupoacocearense.com.br\/wp-content\/uploads\/2025\/09\/banner_mobile_420_x_780_new_ecom.png","1536x1536-width":525,"1536x1536-height":975,"2048x2048":"https:\/\/www.grupoacocearense.com.br\/wp-content\/uploads\/2025\/09\/banner_mobile_420_x_780_new_ecom.png","2048x2048-width":525,"2048x2048-height":975,"trp-custom-language-flag":"https:\/\/www.grupoacocearense.com.br\/wp-content\/uploads\/2025\/09\/banner_mobile_420_x_780_new_ecom-6x12.png","trp-custom-language-flag-width":6,"trp-custom-language-flag-height":12}},"link":"https:\/\/loja.grupoacocearense.com.br\/"},{"banner":{"ID":22537,"id":22537,"title":"banner_3_1920x680_new_ecom","filename":"banner_3_1920x680_new_ecom.png","filesize":1422484,"url":"https:\/\/www.grupoacocearense.com.br\/wp-content\/uploads\/2025\/09\/banner_3_1920x680_new_ecom.png","link":"https:\/\/www.grupoacocearense.com.br\/en\/home\/banner_3_1920x680_new_ecom\/","alt":"","author":"1","description":"","caption":"","name":"banner_3_1920x680_new_ecom","status":"inherit","uploaded_to":7,"date":"2025-09-12 17:08:15","modified":"2025-09-12 17:08:15","menu_order":0,"mime_type":"image\/png","type":"image","subtype":"png","icon":"https:\/\/www.grupoacocearense.com.br\/wp-includes\/images\/media\/default.png","width":1920,"height":680,"sizes":{"thumbnail":"https:\/\/www.grupoacocearense.com.br\/wp-content\/uploads\/2025\/09\/banner_3_1920x680_new_ecom-150x150.png","thumbnail-width":150,"thumbnail-height":150,"medium":"https:\/\/www.grupoacocearense.com.br\/wp-content\/uploads\/2025\/09\/banner_3_1920x680_new_ecom-300x106.png","medium-width":300,"medium-height":106,"medium_large":"https:\/\/www.grupoacocearense.com.br\/wp-content\/uploads\/2025\/09\/banner_3_1920x680_new_ecom-768x272.png","medium_large-width":768,"medium_large-height":272,"large":"https:\/\/www.grupoacocearense.com.br\/wp-content\/uploads\/2025\/09\/banner_3_1920x680_new_ecom-1024x363.png","large-width":1024,"large-height":363,"1536x1536":"https:\/\/www.grupoacocearense.com.br\/wp-content\/uploads\/2025\/09\/banner_3_1920x680_new_ecom-1536x544.png","1536x1536-width":1536,"1536x1536-height":544,"2048x2048":"https:\/\/www.grupoacocearense.com.br\/wp-content\/uploads\/2025\/09\/banner_3_1920x680_new_ecom.png","2048x2048-width":1920,"2048x2048-height":680,"trp-custom-language-flag":"https:\/\/www.grupoacocearense.com.br\/wp-content\/uploads\/2025\/09\/banner_3_1920x680_new_ecom-18x6.png","trp-custom-language-flag-width":18,"trp-custom-language-flag-height":6}},"banner_mobile":{"ID":22541,"id":22541,"title":"banner_3_420x780_new_ecom","filename":"banner_3_420x780_new_ecom-scaled.png","filesize":1158828,"url":"https:\/\/www.grupoacocearense.com.br\/wp-content\/uploads\/2025\/09\/banner_3_420x780_new_ecom-scaled.png","link":"https:\/\/www.grupoacocearense.com.br\/en\/home\/banner_3_420x780_new_ecom\/","alt":"","author":"1","description":"","caption":"","name":"banner_3_420x780_new_ecom","status":"inherit","uploaded_to":7,"date":"2025-09-12 17:08:38","modified":"2025-09-12 17:08:38","menu_order":0,"mime_type":"image\/png","type":"image","subtype":"png","icon":"https:\/\/www.grupoacocearense.com.br\/wp-includes\/images\/media\/default.png","width":1378,"height":2560,"sizes":{"thumbnail":"https:\/\/www.grupoacocearense.com.br\/wp-content\/uploads\/2025\/09\/banner_3_420x780_new_ecom-150x150.png","thumbnail-width":150,"thumbnail-height":150,"medium":"https:\/\/www.grupoacocearense.com.br\/wp-content\/uploads\/2025\/09\/banner_3_420x780_new_ecom-162x300.png","medium-width":162,"medium-height":300,"medium_large":"https:\/\/www.grupoacocearense.com.br\/wp-content\/uploads\/2025\/09\/banner_3_420x780_new_ecom-768x1426.png","medium_large-width":768,"medium_large-height":1426,"large":"https:\/\/www.grupoacocearense.com.br\/wp-content\/uploads\/2025\/09\/banner_3_420x780_new_ecom-551x1024.png","large-width":551,"large-height":1024,"1536x1536":"https:\/\/www.grupoacocearense.com.br\/wp-content\/uploads\/2025\/09\/banner_3_420x780_new_ecom-827x1536.png","1536x1536-width":827,"1536x1536-height":1536,"2048x2048":"https:\/\/www.grupoacocearense.com.br\/wp-content\/uploads\/2025\/09\/banner_3_420x780_new_ecom-1103x2048.png","2048x2048-width":1103,"2048x2048-height":2048,"trp-custom-language-flag":"https:\/\/www.grupoacocearense.com.br\/wp-content\/uploads\/2025\/09\/banner_3_420x780_new_ecom-6x12.png","trp-custom-language-flag-width":6,"trp-custom-language-flag-height":12}},"link":"https:\/\/prd-pc1.lg.com.br\/vagas\/c\/8611CEEE-1884-4C7E-BD3A-233468E26263\/p\/portaldocandidato\/pt-BR\/Busca\/Index"}]},"yoast_head":"<!-- This site is optimized with the Yoast SEO plugin v27.4 - https:\/\/yoast.com\/product\/yoast-seo-wordpress\/ -->\n<title>Grupo A\u00e7o Cearense - H\u00e1 mais de 45 anos no mercado brasileiro do a\u00e7o.<\/title>\n<meta name=\"robots\" content=\"index, follow, max-snippet:-1, max-image-preview:large, max-video-preview:-1\" \/>\n<link rel=\"canonical\" href=\"https:\/\/www.grupoacocearense.com.br\/en\/\" \/>\n<meta property=\"og:locale\" content=\"en_US\" \/>\n<meta property=\"og:type\" content=\"article\" \/>\n<meta property=\"og:title\" content=\"Grupo A\u00e7o Cearense - H\u00e1 mais de 45 anos no mercado brasileiro do a\u00e7o.\" \/>\n<meta property=\"og:url\" content=\"https:\/\/www.grupoacocearense.com.br\/en\/\" \/>\n<meta property=\"og:site_name\" content=\"Grupo A\u00e7o Cearense\" \/>\n<meta property=\"article:modified_time\" content=\"2026-04-27T13:26:42+00:00\" \/>\n<meta name=\"twitter:card\" content=\"summary_large_image\" \/>\n<script type=\"application\/ld+json\" class=\"yoast-schema-graph\">{\"@context\":\"https:\\\/\\\/schema.org\",\"@graph\":[{\"@type\":\"WebPage\",\"@id\":\"https:\\\/\\\/www.grupoacocearense.com.br\\\/\",\"url\":\"https:\\\/\\\/www.grupoacocearense.com.br\\\/\",\"name\":\"Grupo A\u00e7o Cearense - H\u00e1 mais de 45 anos no mercado brasileiro do a\u00e7o.\",\"isPartOf\":{\"@id\":\"https:\\\/\\\/previews.elleven.digital\\\/acocearense\\\/#website\"},\"datePublished\":\"2024-08-23T11:58:04+00:00\",\"dateModified\":\"2026-04-27T13:26:42+00:00\",\"breadcrumb\":{\"@id\":\"https:\\\/\\\/www.grupoacocearense.com.br\\\/#breadcrumb\"},\"inLanguage\":\"en-US\",\"potentialAction\":[{\"@type\":\"ReadAction\",\"target\":[\"https:\\\/\\\/www.grupoacocearense.com.br\\\/\"]}]},{\"@type\":\"BreadcrumbList\",\"@id\":\"https:\\\/\\\/www.grupoacocearense.com.br\\\/#breadcrumb\",\"itemListElement\":[{\"@type\":\"ListItem\",\"position\":1,\"name\":\"In\u00edcio\",\"item\":\"https:\\\/\\\/www.grupoacocearense.com.br\\\/\"},{\"@type\":\"ListItem\",\"position\":2,\"name\":\"Home\"}]},{\"@type\":\"WebSite\",\"@id\":\"https:\\\/\\\/previews.elleven.digital\\\/acocearense\\\/#website\",\"url\":\"https:\\\/\\\/previews.elleven.digital\\\/acocearense\\\/\",\"name\":\"A\u00e7o Cearense\",\"description\":\"H\u00e1 mais de 45 anos no mercado brasileiro do a\u00e7o.\",\"alternateName\":\"A\u00e7o Cearense\",\"potentialAction\":[{\"@type\":\"SearchAction\",\"target\":{\"@type\":\"EntryPoint\",\"urlTemplate\":\"https:\\\/\\\/previews.elleven.digital\\\/acocearense\\\/?s={search_term_string}\"},\"query-input\":{\"@type\":\"PropertyValueSpecification\",\"valueRequired\":true,\"valueName\":\"search_term_string\"}}],\"inLanguage\":\"en-US\"}]}<\/script>\n<!-- \/ Yoast SEO plugin. -->","yoast_head_json":{"title":"Grupo A\u00e7o Cearense - Over 45 years in the Brazilian steel market.","robots":{"index":"index","follow":"follow","max-snippet":"max-snippet:-1","max-image-preview":"max-image-preview:large","max-video-preview":"max-video-preview:-1"},"canonical":"https:\/\/www.grupoacocearense.com.br\/en\/","og_locale":"en_US","og_type":"article","og_title":"Grupo A\u00e7o Cearense - H\u00e1 mais de 45 anos no mercado brasileiro do a\u00e7o.","og_url":"https:\/\/www.grupoacocearense.com.br\/en\/","og_site_name":"Grupo A\u00e7o Cearense","article_modified_time":"2026-04-27T13:26:42+00:00","twitter_card":"summary_large_image","schema":{"@context":"https:\/\/schema.org","@graph":[{"@type":"WebPage","@id":"https:\/\/www.grupoacocearense.com.br\/","url":"https:\/\/www.grupoacocearense.com.br\/","name":"Grupo A\u00e7o Cearense - Over 45 years in the Brazilian steel market.","isPartOf":{"@id":"https:\/\/previews.elleven.digital\/acocearense\/#website"},"datePublished":"2024-08-23T11:58:04+00:00","dateModified":"2026-04-27T13:26:42+00:00","breadcrumb":{"@id":"https:\/\/www.grupoacocearense.com.br\/#breadcrumb"},"inLanguage":"en-US","potentialAction":[{"@type":"ReadAction","target":["https:\/\/www.grupoacocearense.com.br\/"]}]},{"@type":"BreadcrumbList","@id":"https:\/\/www.grupoacocearense.com.br\/#breadcrumb","itemListElement":[{"@type":"ListItem","position":1,"name":"In\u00edcio","item":"https:\/\/www.grupoacocearense.com.br\/"},{"@type":"ListItem","position":2,"name":"Home"}]},{"@type":"WebSite","@id":"https:\/\/previews.elleven.digital\/acocearense\/#website","url":"https:\/\/previews.elleven.digital\/acocearense\/","name":"Cear\u00e1 Steel","description":"In the Brazilian steel market for over 45 years.","alternateName":"A\u00e7o Cearense","potentialAction":[{"@type":"SearchAction","target":{"@type":"EntryPoint","urlTemplate":"https:\/\/previews.elleven.digital\/acocearense\/?s={search_term_string}"},"query-input":{"@type":"PropertyValueSpecification","valueRequired":true,"valueName":"search_term_string"}}],"inLanguage":"en-US"}]}},"_links":{"self":[{"href":"https:\/\/www.grupoacocearense.com.br\/en\/wp-json\/wp\/v2\/pages\/7","targetHints":{"allow":["GET"]}}],"collection":[{"href":"https:\/\/www.grupoacocearense.com.br\/en\/wp-json\/wp\/v2\/pages"}],"about":[{"href":"https:\/\/www.grupoacocearense.com.br\/en\/wp-json\/wp\/v2\/types\/page"}],"author":[{"embeddable":true,"href":"https:\/\/www.grupoacocearense.com.br\/en\/wp-json\/wp\/v2\/users\/1"}],"replies":[{"embeddable":true,"href":"https:\/\/www.grupoacocearense.com.br\/en\/wp-json\/wp\/v2\/comments?post=7"}],"version-history":[{"count":45,"href":"https:\/\/www.grupoacocearense.com.br\/en\/wp-json\/wp\/v2\/pages\/7\/revisions"}],"predecessor-version":[{"id":22901,"href":"https:\/\/www.grupoacocearense.com.br\/en\/wp-json\/wp\/v2\/pages\/7\/revisions\/22901"}],"wp:attachment":[{"href":"https:\/\/www.grupoacocearense.com.br\/en\/wp-json\/wp\/v2\/media?parent=7"}],"curies":[{"name":"wp","href":"https:\/\/api.w.org\/{rel}","templated":true}]}}