{"id":1397,"date":"2025-05-07T11:07:15","date_gmt":"2025-05-07T14:07:15","guid":{"rendered":"https:\/\/www.grupoacocearense.com.br\/?page_id=1397"},"modified":"2025-11-18T10:57:30","modified_gmt":"2025-11-18T13:57:30","slug":"relatorios-sustentabilidade","status":"publish","type":"page","link":"https:\/\/www.grupoacocearense.com.br\/en\/relatorios-sustentabilidade\/","title":{"rendered":"Sustainability Reports"},"content":{"rendered":"","protected":false},"excerpt":{"rendered":"","protected":false},"author":1,"featured_media":0,"parent":0,"menu_order":0,"comment_status":"closed","ping_status":"closed","template":"page-relatorio-sustentabilidade.php","meta":{"_acf_changed":false,"inline_featured_image":false,"footnotes":""},"class_list":["post-1397","page","type-page","status-publish","hentry"],"acf":{"relatorios":[{"empresa":{"ID":134,"post_author":"1","post_date":"2024-09-18 11:08:03","post_date_gmt":"2024-09-18 14:08:03","post_content":"Localizada no Para\u0301, a qualidade do a\u00e7o SINOBRAS vai al\u00e9m da mat\u00e9ria-prima. \u00c9 fruto do compromisso e da dedica\u00e7\u00e3o de quem entende que cada estrutura precisa de resist\u00eancia, seguran\u00e7a e confiabilidade.","post_title":"SINOBRAS","post_excerpt":"","post_status":"publish","comment_status":"closed","ping_status":"closed","post_password":"","post_name":"sinobras","to_ping":"","pinged":"","post_modified":"2026-01-20 11:26:23","post_modified_gmt":"2026-01-20 14:26:23","post_content_filtered":"","post_parent":0,"guid":"https:\/\/www.grupoacocearense.com.br\/\/?post_type=empresa&#038;p=134","menu_order":2,"post_type":"empresa","post_mime_type":"","comment_count":"0","filter":"raw"},"titulo":"Relat\u00f3rio de Sustentabilidade \u2013 2008","arquivo":"https:\/\/www.grupoacocearense.com.br\/wp-content\/uploads\/2025\/05\/SINRelatorio_de_Sustentabilidade_2008-1.pdf"},{"empresa":{"ID":149,"post_author":"1","post_date":"2024-09-18 14:06:45","post_date_gmt":"2024-09-18 17:06:45","post_content":"No Tocantins, esta\u0301 a SINOBRAS Florestal, que fornece biorredutor para a produc\u0327a\u0303o de ac\u0327o da SINOBRAS e possui ativos pro\u0301prios de plantio de eucalipto, em uma a\u0301rea com cerca de 48 mil hectares e propriedades distribui\u0301das nos munici\u0301pios de Sa\u0303o Bento do Tocantins, Araguatins e Anana\u0301s (TO).","post_title":"SINOBRAS Florestal","post_excerpt":"","post_status":"publish","comment_status":"closed","ping_status":"closed","post_password":"","post_name":"sinobras-florestal","to_ping":"","pinged":"","post_modified":"2026-01-20 11:24:59","post_modified_gmt":"2026-01-20 14:24:59","post_content_filtered":"","post_parent":0,"guid":"https:\/\/www.grupoacocearense.com.br\/\/?post_type=empresa&#038;p=149","menu_order":3,"post_type":"empresa","post_mime_type":"","comment_count":"0","filter":"raw"},"titulo":"Relat\u00f3rio de Sustentabilidade \u2013 2010","arquivo":"https:\/\/www.grupoacocearense.com.br\/wp-content\/uploads\/2025\/05\/SINRelatorio_de_Sustentabilidade_2010.pdf"},{"empresa":{"ID":134,"post_author":"1","post_date":"2024-09-18 11:08:03","post_date_gmt":"2024-09-18 14:08:03","post_content":"Localizada no Para\u0301, a qualidade do a\u00e7o SINOBRAS vai al\u00e9m da mat\u00e9ria-prima. \u00c9 fruto do compromisso e da dedica\u00e7\u00e3o de quem entende que cada estrutura precisa de resist\u00eancia, seguran\u00e7a e confiabilidade.","post_title":"SINOBRAS","post_excerpt":"","post_status":"publish","comment_status":"closed","ping_status":"closed","post_password":"","post_name":"sinobras","to_ping":"","pinged":"","post_modified":"2026-01-20 11:26:23","post_modified_gmt":"2026-01-20 14:26:23","post_content_filtered":"","post_parent":0,"guid":"https:\/\/www.grupoacocearense.com.br\/\/?post_type=empresa&#038;p=134","menu_order":2,"post_type":"empresa","post_mime_type":"","comment_count":"0","filter":"raw"},"titulo":"Relat\u00f3rio de Sustentabilidade \u2013 2011","arquivo":"https:\/\/www.grupoacocearense.com.br\/wp-content\/uploads\/2025\/05\/SINRelatorio_de_Sustentabilidade_2011.pdf"},{"empresa":{"ID":150,"post_author":"1","post_date":"2024-09-18 14:07:51","post_date_gmt":"2024-09-18 17:07:51","post_content":"A Ac\u0327o Cearense une a forc\u0327a industrial, comercial e logi\u0301stica para entregar aos clientes o melhor servic\u0327o e produto de forma ra\u0301pida, com facilidade de cre\u0301dito e a possibilidade de realizar pedidos fracionados, levando ac\u0327o para todo o pai\u0301s com dinamismo e excele\u0302ncia.","post_title":"A\u00e7o Cearense","post_excerpt":"","post_status":"publish","comment_status":"closed","ping_status":"closed","post_password":"","post_name":"aco-cearense","to_ping":"","pinged":"","post_modified":"2026-01-20 11:23:20","post_modified_gmt":"2026-01-20 14:23:20","post_content_filtered":"","post_parent":0,"guid":"https:\/\/www.grupoacocearense.com.br\/\/?post_type=empresa&#038;p=150","menu_order":1,"post_type":"empresa","post_mime_type":"","comment_count":"0","filter":"raw"},"titulo":"Relat\u00f3rio de Sustentabilidade \u2013 2012","arquivo":"https:\/\/www.grupoacocearense.com.br\/wp-content\/uploads\/2025\/05\/Relatorio_de_Sustentabilidade_2012.pdf"},{"empresa":{"ID":150,"post_author":"1","post_date":"2024-09-18 14:07:51","post_date_gmt":"2024-09-18 17:07:51","post_content":"A Ac\u0327o Cearense une a forc\u0327a industrial, comercial e logi\u0301stica para entregar aos clientes o melhor servic\u0327o e produto de forma ra\u0301pida, com facilidade de cre\u0301dito e a possibilidade de realizar pedidos fracionados, levando ac\u0327o para todo o pai\u0301s com dinamismo e excele\u0302ncia.","post_title":"A\u00e7o Cearense","post_excerpt":"","post_status":"publish","comment_status":"closed","ping_status":"closed","post_password":"","post_name":"aco-cearense","to_ping":"","pinged":"","post_modified":"2026-01-20 11:23:20","post_modified_gmt":"2026-01-20 14:23:20","post_content_filtered":"","post_parent":0,"guid":"https:\/\/www.grupoacocearense.com.br\/\/?post_type=empresa&#038;p=150","menu_order":1,"post_type":"empresa","post_mime_type":"","comment_count":"0","filter":"raw"},"titulo":"Relat\u00f3rio de Sustentabilidade \u2013 2013","arquivo":"https:\/\/www.grupoacocearense.com.br\/wp-content\/uploads\/2025\/05\/AC_Relatorio_2013.pdf"},{"empresa":{"ID":150,"post_author":"1","post_date":"2024-09-18 14:07:51","post_date_gmt":"2024-09-18 17:07:51","post_content":"A Ac\u0327o Cearense une a forc\u0327a industrial, comercial e logi\u0301stica para entregar aos clientes o melhor servic\u0327o e produto de forma ra\u0301pida, com facilidade de cre\u0301dito e a possibilidade de realizar pedidos fracionados, levando ac\u0327o para todo o pai\u0301s com dinamismo e excele\u0302ncia.","post_title":"A\u00e7o Cearense","post_excerpt":"","post_status":"publish","comment_status":"closed","ping_status":"closed","post_password":"","post_name":"aco-cearense","to_ping":"","pinged":"","post_modified":"2026-01-20 11:23:20","post_modified_gmt":"2026-01-20 14:23:20","post_content_filtered":"","post_parent":0,"guid":"https:\/\/www.grupoacocearense.com.br\/\/?post_type=empresa&#038;p=150","menu_order":1,"post_type":"empresa","post_mime_type":"","comment_count":"0","filter":"raw"},"titulo":"Relat\u00f3rio de Sustentabilidade \u2013 2024","arquivo":"https:\/\/www.grupoacocearense.com.br\/wp-content\/uploads\/2025\/11\/GrupoAcoCearense_RelatoriodeSustentabilidade_Portugues.pdf"}],"banner":false},"yoast_head":"<!-- This site is optimized with the Yoast SEO plugin v27.4 - https:\/\/yoast.com\/product\/yoast-seo-wordpress\/ -->\n<title>Relat\u00f3rios de Sustentabilidade - Grupo A\u00e7o Cearense<\/title>\n<meta name=\"robots\" content=\"index, follow, max-snippet:-1, max-image-preview:large, max-video-preview:-1\" \/>\n<link rel=\"canonical\" href=\"https:\/\/www.grupoacocearense.com.br\/en\/relatorios-sustentabilidade\/\" \/>\n<meta property=\"og:locale\" content=\"en_US\" \/>\n<meta property=\"og:type\" content=\"article\" \/>\n<meta property=\"og:title\" content=\"Relat\u00f3rios de Sustentabilidade - Grupo A\u00e7o Cearense\" \/>\n<meta property=\"og:url\" content=\"https:\/\/www.grupoacocearense.com.br\/en\/relatorios-sustentabilidade\/\" \/>\n<meta property=\"og:site_name\" content=\"Grupo A\u00e7o Cearense\" \/>\n<meta property=\"article:modified_time\" content=\"2025-11-18T13:57:30+00:00\" \/>\n<meta name=\"twitter:card\" content=\"summary_large_image\" \/>\n<script type=\"application\/ld+json\" class=\"yoast-schema-graph\">{\"@context\":\"https:\\\/\\\/schema.org\",\"@graph\":[{\"@type\":\"WebPage\",\"@id\":\"https:\\\/\\\/www.grupoacocearense.com.br\\\/relatorios-sustentabilidade\\\/\",\"url\":\"https:\\\/\\\/www.grupoacocearense.com.br\\\/relatorios-sustentabilidade\\\/\",\"name\":\"Relat\u00f3rios de Sustentabilidade - Grupo A\u00e7o Cearense\",\"isPartOf\":{\"@id\":\"https:\\\/\\\/previews.elleven.digital\\\/acocearense\\\/#website\"},\"datePublished\":\"2025-05-07T14:07:15+00:00\",\"dateModified\":\"2025-11-18T13:57:30+00:00\",\"breadcrumb\":{\"@id\":\"https:\\\/\\\/www.grupoacocearense.com.br\\\/relatorios-sustentabilidade\\\/#breadcrumb\"},\"inLanguage\":\"en-US\",\"potentialAction\":[{\"@type\":\"ReadAction\",\"target\":[\"https:\\\/\\\/www.grupoacocearense.com.br\\\/relatorios-sustentabilidade\\\/\"]}]},{\"@type\":\"BreadcrumbList\",\"@id\":\"https:\\\/\\\/www.grupoacocearense.com.br\\\/relatorios-sustentabilidade\\\/#breadcrumb\",\"itemListElement\":[{\"@type\":\"ListItem\",\"position\":1,\"name\":\"In\u00edcio\",\"item\":\"https:\\\/\\\/www.grupoacocearense.com.br\\\/\"},{\"@type\":\"ListItem\",\"position\":2,\"name\":\"Relat\u00f3rios de Sustentabilidade\"}]},{\"@type\":\"WebSite\",\"@id\":\"https:\\\/\\\/previews.elleven.digital\\\/acocearense\\\/#website\",\"url\":\"https:\\\/\\\/previews.elleven.digital\\\/acocearense\\\/\",\"name\":\"A\u00e7o Cearense\",\"description\":\"H\u00e1 mais de 45 anos no mercado brasileiro do a\u00e7o.\",\"alternateName\":\"A\u00e7o Cearense\",\"potentialAction\":[{\"@type\":\"SearchAction\",\"target\":{\"@type\":\"EntryPoint\",\"urlTemplate\":\"https:\\\/\\\/previews.elleven.digital\\\/acocearense\\\/?s={search_term_string}\"},\"query-input\":{\"@type\":\"PropertyValueSpecification\",\"valueRequired\":true,\"valueName\":\"search_term_string\"}}],\"inLanguage\":\"en-US\"}]}<\/script>\n<!-- \/ Yoast SEO plugin. -->","yoast_head_json":{"title":"Relat\u00f3rios de Sustentabilidade - Grupo A\u00e7o Cearense","robots":{"index":"index","follow":"follow","max-snippet":"max-snippet:-1","max-image-preview":"max-image-preview:large","max-video-preview":"max-video-preview:-1"},"canonical":"https:\/\/www.grupoacocearense.com.br\/en\/relatorios-sustentabilidade\/","og_locale":"en_US","og_type":"article","og_title":"Relat\u00f3rios de Sustentabilidade - Grupo A\u00e7o Cearense","og_url":"https:\/\/www.grupoacocearense.com.br\/en\/relatorios-sustentabilidade\/","og_site_name":"Grupo A\u00e7o Cearense","article_modified_time":"2025-11-18T13:57:30+00:00","twitter_card":"summary_large_image","schema":{"@context":"https:\/\/schema.org","@graph":[{"@type":"WebPage","@id":"https:\/\/www.grupoacocearense.com.br\/relatorios-sustentabilidade\/","url":"https:\/\/www.grupoacocearense.com.br\/relatorios-sustentabilidade\/","name":"Relat\u00f3rios de Sustentabilidade - Grupo A\u00e7o Cearense","isPartOf":{"@id":"https:\/\/previews.elleven.digital\/acocearense\/#website"},"datePublished":"2025-05-07T14:07:15+00:00","dateModified":"2025-11-18T13:57:30+00:00","breadcrumb":{"@id":"https:\/\/www.grupoacocearense.com.br\/relatorios-sustentabilidade\/#breadcrumb"},"inLanguage":"en-US","potentialAction":[{"@type":"ReadAction","target":["https:\/\/www.grupoacocearense.com.br\/relatorios-sustentabilidade\/"]}]},{"@type":"BreadcrumbList","@id":"https:\/\/www.grupoacocearense.com.br\/relatorios-sustentabilidade\/#breadcrumb","itemListElement":[{"@type":"ListItem","position":1,"name":"In\u00edcio","item":"https:\/\/www.grupoacocearense.com.br\/"},{"@type":"ListItem","position":2,"name":"Relat\u00f3rios de Sustentabilidade"}]},{"@type":"WebSite","@id":"https:\/\/previews.elleven.digital\/acocearense\/#website","url":"https:\/\/previews.elleven.digital\/acocearense\/","name":"Cear\u00e1 Steel","description":"In the Brazilian steel market for over 45 years.","alternateName":"A\u00e7o Cearense","potentialAction":[{"@type":"SearchAction","target":{"@type":"EntryPoint","urlTemplate":"https:\/\/previews.elleven.digital\/acocearense\/?s={search_term_string}"},"query-input":{"@type":"PropertyValueSpecification","valueRequired":true,"valueName":"search_term_string"}}],"inLanguage":"en-US"}]}},"_links":{"self":[{"href":"https:\/\/www.grupoacocearense.com.br\/en\/wp-json\/wp\/v2\/pages\/1397","targetHints":{"allow":["GET"]}}],"collection":[{"href":"https:\/\/www.grupoacocearense.com.br\/en\/wp-json\/wp\/v2\/pages"}],"about":[{"href":"https:\/\/www.grupoacocearense.com.br\/en\/wp-json\/wp\/v2\/types\/page"}],"author":[{"embeddable":true,"href":"https:\/\/www.grupoacocearense.com.br\/en\/wp-json\/wp\/v2\/users\/1"}],"replies":[{"embeddable":true,"href":"https:\/\/www.grupoacocearense.com.br\/en\/wp-json\/wp\/v2\/comments?post=1397"}],"version-history":[{"count":3,"href":"https:\/\/www.grupoacocearense.com.br\/en\/wp-json\/wp\/v2\/pages\/1397\/revisions"}],"predecessor-version":[{"id":22624,"href":"https:\/\/www.grupoacocearense.com.br\/en\/wp-json\/wp\/v2\/pages\/1397\/revisions\/22624"}],"wp:attachment":[{"href":"https:\/\/www.grupoacocearense.com.br\/en\/wp-json\/wp\/v2\/media?parent=1397"}],"curies":[{"name":"wp","href":"https:\/\/api.w.org\/{rel}","templated":true}]}}